{"id":895,"date":"2023-08-22T16:01:20","date_gmt":"2023-08-22T14:01:20","guid":{"rendered":"https:\/\/ra-hmr.de\/?page_id=895"},"modified":"2023-09-28T15:44:34","modified_gmt":"2023-09-28T13:44:34","slug":"aktuelles","status":"publish","type":"page","link":"https:\/\/ra-hmr.de\/?page_id=895","title":{"rendered":"Aktuelles"},"content":{"rendered":"\t\t<div data-elementor-type=\"wp-page\" data-elementor-id=\"895\" class=\"elementor elementor-895\" data-elementor-post-type=\"page\">\n\t\t\t\t\t\t<section class=\"elementor-section elementor-top-section elementor-element elementor-element-1366a59 elementor-section-full_width elementor-section-height-min-height elementor-section-height-default elementor-section-items-middle\" data-id=\"1366a59\" data-element_type=\"section\" data-settings=\"{&quot;background_background&quot;:&quot;classic&quot;}\">\n\t\t\t\t\t\t<div class=\"elementor-container elementor-column-gap-default\">\n\t\t\t\t\t<div class=\"elementor-column elementor-col-100 elementor-top-column elementor-element elementor-element-9a97888\" data-id=\"9a97888\" data-element_type=\"column\">\n\t\t\t<div class=\"elementor-widget-wrap\">\n\t\t\t\t\t\t\t<\/div>\n\t\t<\/div>\n\t\t\t\t\t<\/div>\n\t\t<\/section>\n\t\t\t\t<section class=\"elementor-section elementor-top-section elementor-element elementor-element-58a818a elementor-section-boxed elementor-section-height-default elementor-section-height-default\" data-id=\"58a818a\" data-element_type=\"section\">\n\t\t\t\t\t\t<div class=\"elementor-container elementor-column-gap-default\">\n\t\t\t\t\t<div class=\"elementor-column elementor-col-50 elementor-top-column elementor-element elementor-element-4b0d2e9\" data-id=\"4b0d2e9\" data-element_type=\"column\">\n\t\t\t<div class=\"elementor-widget-wrap elementor-element-populated\">\n\t\t\t\t\t\t<div class=\"elementor-element elementor-element-3f5565b elementor-widget elementor-widget-heading\" data-id=\"3f5565b\" data-element_type=\"widget\" data-widget_type=\"heading.default\">\n\t\t\t\t<div class=\"elementor-widget-container\">\n\t\t\t\t\t<h2 class=\"elementor-heading-title elementor-size-default\">F\u00fcr Sie zusammengefasst<\/h2>\t\t\t\t<\/div>\n\t\t\t\t<\/div>\n\t\t\t\t<div class=\"elementor-element elementor-element-2cfacb5 elementor-widget elementor-widget-text-editor\" data-id=\"2cfacb5\" data-element_type=\"widget\" data-widget_type=\"text-editor.default\">\n\t\t\t\t<div class=\"elementor-widget-container\">\n\t\t\t\t\t\t\t\t\t<p>Bleiben Sie auf dem neuesten Stand der rechtlichen Entwicklungen und relevanten Informationen. Als beratende Anwaltskanzlei erstellen wir Ihnen regelm\u00e4\u00dfig aktuelle Nachrichten, Analysen und Einblicke in die Welt des Rechts. Wir teilen unser Fachwissen zu verschiedenen Rechtsgebieten, damit Sie gut informiert sind und fundierte Entscheidungen treffen k\u00f6nnen. Von Gerichtsurteilen \u00fcber Gesetzes\u00e4nderungen bis hin zu juristischen Trends \u2013 unsere News halten Sie informiert. Wir laden Sie ein, regelm\u00e4\u00dfig vorbeizuschauen und von unserem juristischen Know-how zu profitieren.<\/p>\t\t\t\t\t\t\t\t<\/div>\n\t\t\t\t<\/div>\n\t\t\t\t\t<\/div>\n\t\t<\/div>\n\t\t\t\t<div class=\"elementor-column elementor-col-50 elementor-top-column elementor-element elementor-element-b39926e\" data-id=\"b39926e\" data-element_type=\"column\">\n\t\t\t<div class=\"elementor-widget-wrap elementor-element-populated\">\n\t\t\t\t\t\t<div class=\"elementor-element elementor-element-bf315d1 elementor-widget elementor-widget-image\" data-id=\"bf315d1\" data-element_type=\"widget\" data-widget_type=\"image.default\">\n\t\t\t\t<div class=\"elementor-widget-container\">\n\t\t\t\t\t\t\t\t\t\t\t\t\t\t\t<img decoding=\"async\" width=\"1\" height=\"1\" src=\"https:\/\/ra-hmr.de\/wp-content\/uploads\/2021\/07\/undraw_conference_uo36.svg\" class=\"attachment-large size-large wp-image-541\" alt=\"\" \/>\t\t\t\t\t\t\t\t\t\t\t\t\t\t\t<\/div>\n\t\t\t\t<\/div>\n\t\t\t\t\t<\/div>\n\t\t<\/div>\n\t\t\t\t\t<\/div>\n\t\t<\/section>\n\t\t\t\t<section class=\"elementor-section elementor-top-section elementor-element elementor-element-91c2f56 elementor-section-boxed elementor-section-height-default elementor-section-height-default\" data-id=\"91c2f56\" data-element_type=\"section\">\n\t\t\t\t\t\t<div class=\"elementor-container elementor-column-gap-default\">\n\t\t\t\t\t<div class=\"elementor-column elementor-col-50 elementor-top-column elementor-element elementor-element-eeeddb1\" data-id=\"eeeddb1\" data-element_type=\"column\" data-settings=\"{&quot;background_background&quot;:&quot;classic&quot;}\">\n\t\t\t<div class=\"elementor-widget-wrap elementor-element-populated\">\n\t\t\t\t\t\t<div class=\"elementor-element elementor-element-ca6a134 elementor-widget elementor-widget-heading\" data-id=\"ca6a134\" data-element_type=\"widget\" data-widget_type=\"heading.default\">\n\t\t\t\t<div class=\"elementor-widget-container\">\n\t\t\t\t\t<h2 class=\"elementor-heading-title elementor-size-default\">Informationen \u00fcber eine Dienstplan\u00e4nderung<\/h2>\t\t\t\t<\/div>\n\t\t\t\t<\/div>\n\t\t\t\t<div class=\"elementor-element elementor-element-a3bc55f elementor-widget elementor-widget-text-editor\" data-id=\"a3bc55f\" data-element_type=\"widget\" data-widget_type=\"text-editor.default\">\n\t\t\t\t<div class=\"elementor-widget-container\">\n\t\t\t\t\t\t\t\t\t<p style=\"font-weight: 400;\">Das Landesarbeitsgericht Schleswig-Holstein hat zugunsten unseres Mandanten entschieden, dass ein Mitarbeiter in seiner Freizeit nicht verpflichtet ist, sich zu erkundigen, ob sein Dienstplan ge\u00e4ndert worden ist. Er ist auch nicht verpflichtet, eine Mitteilung des Arbeitgebers \u2013 etwa per Telefon \u2013 entgegenzunehmen oder eine SMS zu lesen. Nimmt er eine Information \u00fcber eine Dienstplan\u00e4nderung nicht zur Kenntnis, geht ihm diese erst bei Dienstbeginn zu, LAG Schleswig-Holstein v. 27.09.2022 \u2013 1 Sa 39 \u00f6D\/22.<\/p><p>Die Entscheidung des BAG werden wir hier ver\u00f6ffentlichen, sobald die Begr\u00fcndung vorliegt.<\/p>\t\t\t\t\t\t\t\t<\/div>\n\t\t\t\t<\/div>\n\t\t\t\t\t<\/div>\n\t\t<\/div>\n\t\t\t\t<div class=\"elementor-column elementor-col-50 elementor-top-column elementor-element elementor-element-b5d7cf4\" data-id=\"b5d7cf4\" data-element_type=\"column\">\n\t\t\t<div class=\"elementor-widget-wrap elementor-element-populated\">\n\t\t\t\t\t\t<div class=\"elementor-element elementor-element-41146f6 elementor-widget elementor-widget-image\" data-id=\"41146f6\" data-element_type=\"widget\" data-widget_type=\"image.default\">\n\t\t\t\t<div class=\"elementor-widget-container\">\n\t\t\t\t\t\t\t\t\t\t\t\t\t\t\t<img fetchpriority=\"high\" decoding=\"async\" width=\"800\" height=\"521\" src=\"https:\/\/ra-hmr.de\/wp-content\/uploads\/2023\/08\/gruppe-geschaeftsleute-die-eine-sitzung-haben-1024x667.jpg\" class=\"attachment-large size-large wp-image-904\" alt=\"\" srcset=\"https:\/\/ra-hmr.de\/wp-content\/uploads\/2023\/08\/gruppe-geschaeftsleute-die-eine-sitzung-haben-1024x667.jpg 1024w, https:\/\/ra-hmr.de\/wp-content\/uploads\/2023\/08\/gruppe-geschaeftsleute-die-eine-sitzung-haben-300x195.jpg 300w, https:\/\/ra-hmr.de\/wp-content\/uploads\/2023\/08\/gruppe-geschaeftsleute-die-eine-sitzung-haben-768x500.jpg 768w, https:\/\/ra-hmr.de\/wp-content\/uploads\/2023\/08\/gruppe-geschaeftsleute-die-eine-sitzung-haben-1536x1000.jpg 1536w, https:\/\/ra-hmr.de\/wp-content\/uploads\/2023\/08\/gruppe-geschaeftsleute-die-eine-sitzung-haben-2048x1333.jpg 2048w\" sizes=\"(max-width: 800px) 100vw, 800px\" \/>\t\t\t\t\t\t\t\t\t\t\t\t\t\t\t<\/div>\n\t\t\t\t<\/div>\n\t\t\t\t\t<\/div>\n\t\t<\/div>\n\t\t\t\t\t<\/div>\n\t\t<\/section>\n\t\t\t\t<section class=\"elementor-section elementor-top-section elementor-element elementor-element-4a6c35e elementor-reverse-tablet elementor-reverse-mobile elementor-hidden-desktop elementor-hidden-tablet elementor-hidden-phone elementor-section-boxed elementor-section-height-default elementor-section-height-default\" data-id=\"4a6c35e\" data-element_type=\"section\">\n\t\t\t\t\t\t<div class=\"elementor-container elementor-column-gap-default\">\n\t\t\t\t\t<div class=\"elementor-column elementor-col-50 elementor-top-column elementor-element elementor-element-25c9e03\" data-id=\"25c9e03\" data-element_type=\"column\">\n\t\t\t<div class=\"elementor-widget-wrap elementor-element-populated\">\n\t\t\t\t\t\t<div class=\"elementor-element elementor-element-f8251d1 elementor-widget elementor-widget-image\" data-id=\"f8251d1\" data-element_type=\"widget\" data-widget_type=\"image.default\">\n\t\t\t\t<div class=\"elementor-widget-container\">\n\t\t\t\t\t\t\t\t\t\t\t\t\t\t\t<img decoding=\"async\" width=\"800\" height=\"534\" src=\"https:\/\/ra-hmr.de\/wp-content\/uploads\/2023\/08\/2858_CH_1-1024x683.jpg\" class=\"attachment-large size-large wp-image-762\" alt=\"\" srcset=\"https:\/\/ra-hmr.de\/wp-content\/uploads\/2023\/08\/2858_CH_1-1024x683.jpg 1024w, https:\/\/ra-hmr.de\/wp-content\/uploads\/2023\/08\/2858_CH_1-300x200.jpg 300w, https:\/\/ra-hmr.de\/wp-content\/uploads\/2023\/08\/2858_CH_1-768x512.jpg 768w, https:\/\/ra-hmr.de\/wp-content\/uploads\/2023\/08\/2858_CH_1-1536x1024.jpg 1536w, https:\/\/ra-hmr.de\/wp-content\/uploads\/2023\/08\/2858_CH_1.jpg 2048w\" sizes=\"(max-width: 800px) 100vw, 800px\" \/>\t\t\t\t\t\t\t\t\t\t\t\t\t\t\t<\/div>\n\t\t\t\t<\/div>\n\t\t\t\t\t<\/div>\n\t\t<\/div>\n\t\t\t\t<div class=\"elementor-column elementor-col-50 elementor-top-column elementor-element elementor-element-663c809\" data-id=\"663c809\" data-element_type=\"column\" data-settings=\"{&quot;background_background&quot;:&quot;classic&quot;}\">\n\t\t\t<div class=\"elementor-widget-wrap elementor-element-populated\">\n\t\t\t\t\t\t<div class=\"elementor-element elementor-element-2928700 elementor-widget elementor-widget-heading\" data-id=\"2928700\" data-element_type=\"widget\" data-widget_type=\"heading.default\">\n\t\t\t\t<div class=\"elementor-widget-container\">\n\t\t\t\t\t<h2 class=\"elementor-heading-title elementor-size-default\">Claudia Hain<\/h2>\t\t\t\t<\/div>\n\t\t\t\t<\/div>\n\t\t\t\t<div class=\"elementor-element elementor-element-6a191a4 elementor-widget elementor-widget-heading\" data-id=\"6a191a4\" data-element_type=\"widget\" data-widget_type=\"heading.default\">\n\t\t\t\t<div class=\"elementor-widget-container\">\n\t\t\t\t\t<h1 class=\"elementor-heading-title elementor-size-default\">Schwerpunkt: Familienrecht<\/h1>\t\t\t\t<\/div>\n\t\t\t\t<\/div>\n\t\t\t\t<div class=\"elementor-element elementor-element-5562862 elementor-widget elementor-widget-text-editor\" data-id=\"5562862\" data-element_type=\"widget\" data-widget_type=\"text-editor.default\">\n\t\t\t\t<div class=\"elementor-widget-container\">\n\t\t\t\t\t\t\t\t\t<p>Claudia Hain ist eine erfahrene Anw\u00e4ltin f\u00fcr Familienrecht und eine Expertin in ihrem Fachgebiet. Sie hat sich auf alle Aspekte des Familienrechts spezialisiert und unterst\u00fctzt ihre Mandanten bei Ehescheidungen, Sorgerechts- und Unterhaltsstreitigkeiten sowie bei Fragen zur Adoption und Vaterschaftsanerkennung. Mit ihrer einf\u00fchlsamen und l\u00f6sungsorientierten Arbeitsweise sorgt sie f\u00fcr eine faire und gerechte L\u00f6sung f\u00fcr alle Beteiligten. Claudia Hain ist bekannt f\u00fcr ihre hohe fachliche Kompetenz und ihr Engagement f\u00fcr ihre Mandanten. Zudem ber\u00e4t und vertritt Claudia Hain aufgrund ihrer arbeitsrechtlichen Expertise Betriebsr\u00e4te und Arbeitnehmerdachverb\u00e4nde in allen rechtlichen Fragestellungen.<\/p>\t\t\t\t\t\t\t\t<\/div>\n\t\t\t\t<\/div>\n\t\t\t\t\t<\/div>\n\t\t<\/div>\n\t\t\t\t\t<\/div>\n\t\t<\/section>\n\t\t\t\t<section class=\"elementor-section elementor-top-section elementor-element elementor-element-06c993c elementor-hidden-desktop elementor-hidden-tablet elementor-hidden-phone elementor-section-boxed elementor-section-height-default elementor-section-height-default\" data-id=\"06c993c\" data-element_type=\"section\">\n\t\t\t\t\t\t<div class=\"elementor-container elementor-column-gap-default\">\n\t\t\t\t\t<div class=\"elementor-column elementor-col-50 elementor-top-column elementor-element elementor-element-beb089b\" data-id=\"beb089b\" data-element_type=\"column\" data-settings=\"{&quot;background_background&quot;:&quot;classic&quot;}\">\n\t\t\t<div class=\"elementor-widget-wrap elementor-element-populated\">\n\t\t\t\t\t\t<div class=\"elementor-element elementor-element-e73152b elementor-widget elementor-widget-heading\" data-id=\"e73152b\" data-element_type=\"widget\" data-widget_type=\"heading.default\">\n\t\t\t\t<div class=\"elementor-widget-container\">\n\t\t\t\t\t<h2 class=\"elementor-heading-title elementor-size-default\">Elske M\u00fcller-Rawlins<\/h2>\t\t\t\t<\/div>\n\t\t\t\t<\/div>\n\t\t\t\t<div class=\"elementor-element elementor-element-61f3127 elementor-widget elementor-widget-heading\" data-id=\"61f3127\" data-element_type=\"widget\" data-widget_type=\"heading.default\">\n\t\t\t\t<div class=\"elementor-widget-container\">\n\t\t\t\t\t<h1 class=\"elementor-heading-title elementor-size-default\">Schwerpunkt: Medizin- und Arbeitsrecht<\/h1>\t\t\t\t<\/div>\n\t\t\t\t<\/div>\n\t\t\t\t<div class=\"elementor-element elementor-element-35f27d6 elementor-widget elementor-widget-text-editor\" data-id=\"35f27d6\" data-element_type=\"widget\" data-widget_type=\"text-editor.default\">\n\t\t\t\t<div class=\"elementor-widget-container\">\n\t\t\t\t\t\t\t\t\t<p style=\"font-weight: 400;\">Elske M\u00fcller-Rawlins ist die Anw\u00e4ltin f\u00fcr Medizin- und Arbeitsrecht. Sie hat sich auf die Beratung und Vertretung von \u00c4rzten, medizinischen Einrichtungen und Patienten in allen Fragen des Medizinrechts spezialisiert. Dabei setzt sie sich mit gro\u00dfem Engagement und Empathie f\u00fcr die Interessen ihrer Mandanten ein und sorgt f\u00fcr eine faire L\u00f6sung. Dar\u00fcber hinaus verf\u00fcgt auch sie \u00fcber umfangreiche Erfahrung im Arbeitsrecht und unterst\u00fctzt Arbeitgeber und Arbeitnehmer bei Themen wie K\u00fcndigung, Abmahnung und Arbeitsvertragsgestaltung.<\/p>\t\t\t\t\t\t\t\t<\/div>\n\t\t\t\t<\/div>\n\t\t\t\t\t<\/div>\n\t\t<\/div>\n\t\t\t\t<div class=\"elementor-column elementor-col-50 elementor-top-column elementor-element elementor-element-c988d73\" data-id=\"c988d73\" data-element_type=\"column\">\n\t\t\t<div class=\"elementor-widget-wrap elementor-element-populated\">\n\t\t\t\t\t\t<div class=\"elementor-element elementor-element-911eb6d elementor-widget elementor-widget-image\" data-id=\"911eb6d\" data-element_type=\"widget\" data-widget_type=\"image.default\">\n\t\t\t\t<div class=\"elementor-widget-container\">\n\t\t\t\t\t\t\t\t\t\t\t\t\t\t\t<img loading=\"lazy\" decoding=\"async\" width=\"800\" height=\"534\" src=\"https:\/\/ra-hmr.de\/wp-content\/uploads\/2023\/08\/3138_EMR_1-1024x683.jpg\" class=\"attachment-large size-large wp-image-772\" alt=\"\" srcset=\"https:\/\/ra-hmr.de\/wp-content\/uploads\/2023\/08\/3138_EMR_1-1024x683.jpg 1024w, https:\/\/ra-hmr.de\/wp-content\/uploads\/2023\/08\/3138_EMR_1-300x200.jpg 300w, https:\/\/ra-hmr.de\/wp-content\/uploads\/2023\/08\/3138_EMR_1-768x512.jpg 768w, https:\/\/ra-hmr.de\/wp-content\/uploads\/2023\/08\/3138_EMR_1-1536x1024.jpg 1536w, https:\/\/ra-hmr.de\/wp-content\/uploads\/2023\/08\/3138_EMR_1.jpg 2048w\" sizes=\"(max-width: 800px) 100vw, 800px\" \/>\t\t\t\t\t\t\t\t\t\t\t\t\t\t\t<\/div>\n\t\t\t\t<\/div>\n\t\t\t\t\t<\/div>\n\t\t<\/div>\n\t\t\t\t\t<\/div>\n\t\t<\/section>\n\t\t\t\t<\/div>\n\t\t","protected":false},"excerpt":{"rendered":"<p>F\u00fcr Sie zusammengefasst Bleiben Sie auf dem neuesten Stand der rechtlichen Entwicklungen und relevanten Informationen. Als beratende Anwaltskanzlei erstellen wir Ihnen regelm\u00e4\u00dfig aktuelle Nachrichten, Analysen und Einblicke in die Welt des Rechts. Wir teilen unser Fachwissen zu verschiedenen Rechtsgebieten, damit Sie gut informiert sind und fundierte Entscheidungen treffen k\u00f6nnen. Von Gerichtsurteilen \u00fcber Gesetzes\u00e4nderungen bis hin [&hellip;]<\/p>\n","protected":false},"author":3,"featured_media":0,"parent":0,"menu_order":0,"comment_status":"closed","ping_status":"closed","template":"elementor_header_footer","meta":{"footnotes":""},"class_list":["post-895","page","type-page","status-publish","hentry"],"_links":{"self":[{"href":"https:\/\/ra-hmr.de\/index.php?rest_route=\/wp\/v2\/pages\/895","targetHints":{"allow":["GET"]}}],"collection":[{"href":"https:\/\/ra-hmr.de\/index.php?rest_route=\/wp\/v2\/pages"}],"about":[{"href":"https:\/\/ra-hmr.de\/index.php?rest_route=\/wp\/v2\/types\/page"}],"author":[{"embeddable":true,"href":"https:\/\/ra-hmr.de\/index.php?rest_route=\/wp\/v2\/users\/3"}],"replies":[{"embeddable":true,"href":"https:\/\/ra-hmr.de\/index.php?rest_route=%2Fwp%2Fv2%2Fcomments&post=895"}],"version-history":[{"count":10,"href":"https:\/\/ra-hmr.de\/index.php?rest_route=\/wp\/v2\/pages\/895\/revisions"}],"predecessor-version":[{"id":1087,"href":"https:\/\/ra-hmr.de\/index.php?rest_route=\/wp\/v2\/pages\/895\/revisions\/1087"}],"wp:attachment":[{"href":"https:\/\/ra-hmr.de\/index.php?rest_route=%2Fwp%2Fv2%2Fmedia&parent=895"}],"curies":[{"name":"wp","href":"https:\/\/api.w.org\/{rel}","templated":true}]}}