{"id":285,"date":"2021-07-15T12:28:49","date_gmt":"2021-07-15T10:28:49","guid":{"rendered":"https:\/\/ra-hmr.de\/?page_id=285"},"modified":"2023-09-26T16:43:01","modified_gmt":"2023-09-26T14:43:01","slug":"impressum","status":"publish","type":"page","link":"https:\/\/ra-hmr.de\/?page_id=285","title":{"rendered":"Impressum"},"content":{"rendered":"\t\t<div data-elementor-type=\"wp-page\" data-elementor-id=\"285\" class=\"elementor elementor-285\" data-elementor-post-type=\"page\">\n\t\t\t\t\t\t<section class=\"elementor-section elementor-top-section elementor-element elementor-element-1366a59 elementor-section-full_width elementor-section-height-min-height elementor-section-height-default elementor-section-items-middle\" data-id=\"1366a59\" data-element_type=\"section\" data-settings=\"{&quot;background_background&quot;:&quot;classic&quot;}\">\n\t\t\t\t\t\t<div class=\"elementor-container elementor-column-gap-default\">\n\t\t\t\t\t<div class=\"elementor-column elementor-col-100 elementor-top-column elementor-element elementor-element-9a97888\" data-id=\"9a97888\" data-element_type=\"column\">\n\t\t\t<div class=\"elementor-widget-wrap\">\n\t\t\t\t\t\t\t<\/div>\n\t\t<\/div>\n\t\t\t\t\t<\/div>\n\t\t<\/section>\n\t\t\t\t<section class=\"elementor-section elementor-top-section elementor-element elementor-element-58a818a elementor-section-boxed elementor-section-height-default elementor-section-height-default\" data-id=\"58a818a\" data-element_type=\"section\">\n\t\t\t\t\t\t<div class=\"elementor-container elementor-column-gap-default\">\n\t\t\t\t\t<div class=\"elementor-column elementor-col-100 elementor-top-column elementor-element elementor-element-4b0d2e9\" data-id=\"4b0d2e9\" data-element_type=\"column\">\n\t\t\t<div class=\"elementor-widget-wrap elementor-element-populated\">\n\t\t\t\t\t\t<div class=\"elementor-element elementor-element-2cfacb5 elementor-widget elementor-widget-text-editor\" data-id=\"2cfacb5\" data-element_type=\"widget\" data-widget_type=\"text-editor.default\">\n\t\t\t\t<div class=\"elementor-widget-container\">\n\t\t\t\t\t\t\t\t\t<h1>Impressum<\/h1>\n<h2>Angaben gem\u00e4\u00df \u00a7 5 TMG<\/h2>\n<p><b>Anwaltskanzlei HMR Hamburg<\/b><br><span style=\"color: var( --e-global-color-text ); font-family: var( --e-global-typography-text-font-family ), Sans-serif; font-weight: var( --e-global-typography-text-font-weight ); font-size: 1rem;\">Elske M\u00fcller-Rawlins<br><\/span><span style=\"color: var( --e-global-color-text ); font-family: var( --e-global-typography-text-font-family ), Sans-serif; font-weight: var( --e-global-typography-text-font-weight ); font-size: 1rem;\">Kristin Foss, in B\u00fcrogemeinschaft<br><\/span><span style=\"color: var( --e-global-color-text ); font-family: var( --e-global-typography-text-font-family ), Sans-serif; font-weight: var( --e-global-typography-text-font-weight ); font-size: 1rem;\">Spaldingstra\u00dfe 110 B<br><\/span><span style=\"color: var( --e-global-color-text ); font-family: var( --e-global-typography-text-font-family ), Sans-serif; font-weight: var( --e-global-typography-text-font-weight ); font-size: 1rem;\">22097 Hamburg<\/span><\/p>\n<p><span style=\"color: var( --e-global-color-text ); font-family: var( --e-global-typography-text-font-family ), Sans-serif; font-size: 1rem;\"><b>T<\/b><\/span><span style=\"color: var( --e-global-color-text ); font-family: var( --e-global-typography-text-font-family ), Sans-serif; font-size: 1rem;\"><b>elefon:<\/b><\/span><span style=\"color: var( --e-global-color-text ); font-family: var( --e-global-typography-text-font-family ), Sans-serif; font-weight: var( --e-global-typography-text-font-weight ); font-size: 1rem;\"> 040-35770941<br><\/span><span style=\"color: var( --e-global-color-text ); font-family: var( --e-global-typography-text-font-family ), Sans-serif; font-size: 1rem;\"><b>Fax:<\/b><\/span><span style=\"color: var( --e-global-color-text ); font-family: var( --e-global-typography-text-font-family ), Sans-serif; font-weight: var( --e-global-typography-text-font-weight ); font-size: 1rem;\"> 040-35710033<br><\/span><span style=\"color: var( --e-global-color-text ); font-family: var( --e-global-typography-text-font-family ), Sans-serif; font-size: 1rem;\"><b>E-Mail:<\/b><\/span><span style=\"color: var( --e-global-color-text ); font-family: var( --e-global-typography-text-font-family ), Sans-serif; font-weight: var( --e-global-typography-text-font-weight ); font-size: 1rem;\"> rainmuellerhh@web.de<\/span><\/p>\n<p><strong>Umsatzsteuer-ID<br><\/strong>Umsatzsteuer-Identifikationsnummer gem\u00e4\u00df \u00a7 27 a Umsatzsteuergesetz:<br>DE 222 435 337<\/p>\n<p><span style=\"font-weight: bold; color: var( --e-global-color-text ); font-family: var( --e-global-typography-text-font-family ), Sans-serif; font-size: 1rem;\">Anwaltskanzlei HMR Neum\u00fcnster<br><\/span><span style=\"color: var( --e-global-color-text ); font-family: var( --e-global-typography-text-font-family ), Sans-serif; font-size: 1rem; font-weight: var( --e-global-typography-text-font-weight );\">Kerstin Hain<br><\/span><span style=\"color: var( --e-global-color-text ); font-family: var( --e-global-typography-text-font-family ), Sans-serif; font-size: 1rem; font-weight: var( --e-global-typography-text-font-weight );\">Claudia Hain<br><\/span><span style=\"color: var( --e-global-color-text ); font-family: var( --e-global-typography-text-font-family ), Sans-serif; font-size: 1rem; font-weight: var( --e-global-typography-text-font-weight );\">Holsatenring 71<br><\/span><span style=\"color: var( --e-global-color-text ); font-family: var( --e-global-typography-text-font-family ), Sans-serif; font-size: 1rem; font-weight: var( --e-global-typography-text-font-weight );\">24539 Neum\u00fcnster<\/span><\/p>\n<p><b>Telefon:<\/b> 04321-979358<br><b>Fax:<\/b> 04321-979368<br><b>E-Mail: <\/b>k.hain@ra-hmr.de<br><span style=\"font-weight: bold;\">E-Mail:<\/span>&nbsp;c.hain@ra-hmr.de<\/p>\n<p><strong>Umsatzsteuer-ID<\/strong><br>Umsatzsteuer-Identifikationsnummer gem\u00e4\u00df \u00a7 27 a Umsatzsteuergesetz:<br>DE 76 425 383 919<\/p>\n<h2><span style=\"font-family: inherit; font-size: 2rem;\">&nbsp;<\/span><\/h2>\n<h2>INFORMATIONEN NACH \u00a7 2 DL-INFO<\/h2>\n<h2>Berufsrechtliche Regelungen<\/h2>\n<p>Unsere Rechtsanw\u00e4lte sind Mitglieder der Rechtsanwaltskammer Schleswig-Holstein und Hamburg und unterliegen in ihrer Berufsaus\u00fcbung als Rechtsanw\u00e4lte in der Bundesrepublik Deutschland der Bundesrechtsanwaltsordnung (BRAO), der Berufsordnung (BORA), der Fachanwaltsordnung (FAO), dem Rechtsanwaltsverg\u00fctungsgesetz (RVG) und &#8211; f\u00fcr den Bereich des internationalen Rechtsverkehrs &#8211; der Standesregelung der Rechtsanw\u00e4lte in der Europ\u00e4ischen Gemeinschaft (CCBE-Berufsregeln).<br>S\u00e4mtliche berufsrechtlichen Regelungen sind abrufbar unter:&nbsp;<a href=\"https:\/\/www.brak.de\">https:\/\/www.brak.de\/<\/a><\/p>\n<p>Die Anwaltskanzleien in Neum\u00fcnster und Hamburg arbeiten in B\u00fcrogemeinschaften miteinander und sind rechtlich selbstst\u00e4ndige Anwaltskanzleien. Die Anwaltsmandate werden ausschlie\u00dflich mit der jeweiligen Anwaltskanzlei bzw. den dortigen Einzelanw\u00e4lten abgeschlossen.<\/p>\n<h2>Zust\u00e4ndige Beh\u00f6rde f\u00fcr die Anwaltskanzlei Neum\u00fcnster ist:\u2028<\/h2>\n<p>Schleswig-Holsteinische Rechtsanwaltskammer\u2028 K\u00f6rperschaft des \u00f6ffentlichen Rechts\u2028 Gottorfstra\u00dfe 13, 24837 Schleswig\u2028, Tel.: 04621\/93910, Fax: 04621\/939126\u2028 www.rak-sh.de &#8211;&nbsp;info@rak-sh.de<br>Berufshaftpflichtversicherungen<br>Allianz Versicherungs AG\u2028, Maria Theresia Str. 4 A, \u202881675 M\u00fcnchen<\/p>\n<h2>Zust\u00e4ndige Beh\u00f6rde f\u00fcr die Anwaltskanzlei Hamburg ist:\u2028\u2028<\/h2>\n<p>Rechtsanwaltskammer Hamburg, \u2028Bleichenbr\u00fccke 9, 20354 Hamburg<br>N\u00e4here Informationen: <a href=\"https:\/\/www.rak-hamburg.de\/\">https:\/\/www.rak-hamburg.de\/<\/a><\/p>\n<h2>R\u00e4umlicher Geltungsbereich:\u2028\u2028<\/h2>\n<p>Im gesamten EU-Gebiet und den Staaten des Abkommens \u00fcber den Europ\u00e4ischen Wirtschaftsraum.<br>Hinweis: Rechtsanw\u00e4ltinnen und Rechtsanw\u00e4lte sind aufgrund der Bundesrechtsanwaltsordnung verpflichtet, eine Berufshaftpflichtversicherung mit einer Mindestversicherungssumme von 250.000 \u20ac zu unterhalten. Die Einzelheiten ergeben sich aus \u00a7 51 BRAO.<\/p>\n<p>Alle hier genannten Rechtsanw\u00e4ltinnen und Rechtsanw\u00e4lte sind in der Bundesrepublik Deutschland zugelassen. Zulassungen in der Schweiz und \u00d6sterreich bestehen nicht.<\/p>\n<p>Berufsbezeichnung und berufsrechtliche Regelungen<br>Berufsbezeichnung:<br>Rechtsanw\u00e4ltin und Mediatorin Elske M\u00fcller-Rawlins<br>Rechtsanw\u00e4ltin und Fachanw\u00e4ltin f\u00fcr Arbeitsrecht Kerstin Hain<br>Rechtsanw\u00e4ltin Claudia Hain<br>Rechtsanw\u00e4ltin Kristin Foss<\/p>\n<p>Es gelten folgende berufsrechtliche Regelungen:<br>Bundesrechtsanwaltsordnung (BRAO)<br>einsehbar unter: <a href=\"https:\/\/www.gesetze-im-internet.de\/brao\/\">https:\/\/www.gesetze-im-internet.de\/brao\/<\/a><br>Berufsordnung f\u00fcr Rechtsanw\u00e4lte (BORA)<br>einsehbar unter: <a href=\"https:\/\/www.brak.de\/w\/files\/02_fuer_anwaelte\/berufsrecht\/bora_stand_01.01.2020.pdf\">https:\/\/www.brak.de\/w\/files\/02_fuer_anwaelte\/berufsrecht\/bora_stand_01.01.2020.pdf<\/a><br>Fachanwaltsordnung (FAO)<br>einsehbar unter: <a href=\"https:\/\/www.brak.de\/w\/files\/02_fuer_anwaelte\/FAO_1.1.08_090615.pdf\">https:\/\/www.brak.de\/w\/files\/02_fuer_anwaelte\/FAO_1.1.08_090615.pdf<\/a><br>Bundesgeb\u00fchrenordnung f\u00fcr Rechtsanw\u00e4lte (BRAGO)<br>einsehbar unter: <a href=\"https:\/\/brak.de\/\">https:\/\/brak.de\/<\/a><br>Berufsregelungen der Rechtsanw\u00e4lte der Europ\u00e4ischen Union<br>einsehbar unter: <a href=\"https:\/\/www.brak.de\/w\/files\/02_fuer_anwaelte\/Berufsregeln_Mai%202006_090615.pdf\">https:\/\/www.brak.de\/w\/files\/02_fuer_anwaelte\/Berufsregeln_Mai%202006_090615.pdf<\/a><\/p>\n<p>Inhaltlich Verantwortliche gem. \u00a7 6 MDStV:<br>Rechtsanwaltskanzlei HMR,<br>Rechtsanw\u00e4ltin Kerstin Hain<br>Holsatenring 71, 24539 Neum\u00fcnster<\/p>\t\t\t\t\t\t\t\t<\/div>\n\t\t\t\t<\/div>\n\t\t\t\t\t<\/div>\n\t\t<\/div>\n\t\t\t\t\t<\/div>\n\t\t<\/section>\n\t\t\t\t<\/div>\n\t\t","protected":false},"excerpt":{"rendered":"<p>Impressum Angaben gem\u00e4\u00df \u00a7 5 TMG Anwaltskanzlei HMR HamburgElske M\u00fcller-RawlinsKristin Foss, in B\u00fcrogemeinschaftSpaldingstra\u00dfe 110 B22097 Hamburg Telefon: 040-35770941Fax: 040-35710033E-Mail: rainmuellerhh@web.de Umsatzsteuer-IDUmsatzsteuer-Identifikationsnummer gem\u00e4\u00df \u00a7 27 a Umsatzsteuergesetz:DE 222 435 337 Anwaltskanzlei HMR Neum\u00fcnsterKerstin HainClaudia HainHolsatenring 7124539 Neum\u00fcnster Telefon: 04321-979358Fax: 04321-979368E-Mail: k.hain@ra-hmr.deE-Mail:&nbsp;c.hain@ra-hmr.de Umsatzsteuer-IDUmsatzsteuer-Identifikationsnummer gem\u00e4\u00df \u00a7 27 a Umsatzsteuergesetz:DE 76 425 383 919 &nbsp; INFORMATIONEN NACH \u00a7 2 [&hellip;]<\/p>\n","protected":false},"author":1,"featured_media":0,"parent":0,"menu_order":0,"comment_status":"closed","ping_status":"closed","template":"","meta":{"footnotes":""},"class_list":["post-285","page","type-page","status-publish","hentry"],"_links":{"self":[{"href":"https:\/\/ra-hmr.de\/index.php?rest_route=\/wp\/v2\/pages\/285","targetHints":{"allow":["GET"]}}],"collection":[{"href":"https:\/\/ra-hmr.de\/index.php?rest_route=\/wp\/v2\/pages"}],"about":[{"href":"https:\/\/ra-hmr.de\/index.php?rest_route=\/wp\/v2\/types\/page"}],"author":[{"embeddable":true,"href":"https:\/\/ra-hmr.de\/index.php?rest_route=\/wp\/v2\/users\/1"}],"replies":[{"embeddable":true,"href":"https:\/\/ra-hmr.de\/index.php?rest_route=%2Fwp%2Fv2%2Fcomments&post=285"}],"version-history":[{"count":34,"href":"https:\/\/ra-hmr.de\/index.php?rest_route=\/wp\/v2\/pages\/285\/revisions"}],"predecessor-version":[{"id":1045,"href":"https:\/\/ra-hmr.de\/index.php?rest_route=\/wp\/v2\/pages\/285\/revisions\/1045"}],"wp:attachment":[{"href":"https:\/\/ra-hmr.de\/index.php?rest_route=%2Fwp%2Fv2%2Fmedia&parent=285"}],"curies":[{"name":"wp","href":"https:\/\/api.w.org\/{rel}","templated":true}]}}