{"id":231,"date":"2021-07-15T11:21:43","date_gmt":"2021-07-15T09:21:43","guid":{"rendered":"https:\/\/ra-hmr.de\/?page_id=231"},"modified":"2023-09-28T15:34:14","modified_gmt":"2023-09-28T13:34:14","slug":"die-kanzlei","status":"publish","type":"page","link":"https:\/\/ra-hmr.de\/?page_id=231","title":{"rendered":"Die Kanzlei"},"content":{"rendered":"\t\t<div data-elementor-type=\"wp-page\" data-elementor-id=\"231\" class=\"elementor elementor-231\" data-elementor-post-type=\"page\">\n\t\t\t\t\t\t<section class=\"elementor-section elementor-top-section elementor-element elementor-element-1366a59 elementor-section-full_width elementor-section-height-min-height elementor-section-height-default elementor-section-items-middle\" data-id=\"1366a59\" data-element_type=\"section\" data-settings=\"{&quot;background_background&quot;:&quot;classic&quot;}\">\n\t\t\t\t\t\t<div class=\"elementor-container elementor-column-gap-default\">\n\t\t\t\t\t<div class=\"elementor-column elementor-col-100 elementor-top-column elementor-element elementor-element-9a97888\" data-id=\"9a97888\" data-element_type=\"column\">\n\t\t\t<div class=\"elementor-widget-wrap\">\n\t\t\t\t\t\t\t<\/div>\n\t\t<\/div>\n\t\t\t\t\t<\/div>\n\t\t<\/section>\n\t\t\t\t<section class=\"elementor-section elementor-top-section elementor-element elementor-element-58a818a elementor-section-boxed elementor-section-height-default elementor-section-height-default\" data-id=\"58a818a\" data-element_type=\"section\">\n\t\t\t\t\t\t<div class=\"elementor-container elementor-column-gap-default\">\n\t\t\t\t\t<div class=\"elementor-column elementor-col-50 elementor-top-column elementor-element elementor-element-4b0d2e9\" data-id=\"4b0d2e9\" data-element_type=\"column\">\n\t\t\t<div class=\"elementor-widget-wrap elementor-element-populated\">\n\t\t\t\t\t\t<div class=\"elementor-element elementor-element-3f5565b elementor-widget elementor-widget-heading\" data-id=\"3f5565b\" data-element_type=\"widget\" data-widget_type=\"heading.default\">\n\t\t\t\t<div class=\"elementor-widget-container\">\n\t\t\t\t\t<h2 class=\"elementor-heading-title elementor-size-default\">Drei Anw\u00e4ltinnen f\u00fcr Ihr Anliegen<\/h2>\t\t\t\t<\/div>\n\t\t\t\t<\/div>\n\t\t\t\t<div class=\"elementor-element elementor-element-2cfacb5 elementor-widget elementor-widget-text-editor\" data-id=\"2cfacb5\" data-element_type=\"widget\" data-widget_type=\"text-editor.default\">\n\t\t\t\t<div class=\"elementor-widget-container\">\n\t\t\t\t\t\t\t\t\t<p style=\"font-weight: 400;\">Unsere Anwaltskanzlei mit Sitz in Neum\u00fcnster und Hamburg wird von drei erfahrenen Anw\u00e4ltinnen geleitet, die eine breite Palette von Rechtsgebieten abdecken. Wir sind auf die individuellen Bed\u00fcrfnisse unserer Mandanten spezialisiert und bieten eine kompetente und pers\u00f6nliche Beratung und Vertretung in allen rechtlichen Angelegenheiten. Unser Ziel ist es, Ihnen eine effektive und ma\u00dfgeschneiderte L\u00f6sung f\u00fcr Ihr Anliegen zu bieten. Kontaktieren Sie uns gerne f\u00fcr eine unverbindliche Erstberatung.<\/p><p><span style=\"font-weight: 400;\">Wir beraten eine Reihe von namhaften Betriebsr\u00e4ten und Arbeitnehmerdachverb\u00e4nden in st\u00e4ndigen arbeitsrechtlichen Angelegenheiten.<\/span><\/p>\t\t\t\t\t\t\t\t<\/div>\n\t\t\t\t<\/div>\n\t\t\t\t\t<\/div>\n\t\t<\/div>\n\t\t\t\t<div class=\"elementor-column elementor-col-50 elementor-top-column elementor-element elementor-element-b39926e\" data-id=\"b39926e\" data-element_type=\"column\">\n\t\t\t<div class=\"elementor-widget-wrap elementor-element-populated\">\n\t\t\t\t\t\t<div class=\"elementor-element elementor-element-bf315d1 elementor-widget elementor-widget-image\" data-id=\"bf315d1\" data-element_type=\"widget\" data-widget_type=\"image.default\">\n\t\t\t\t<div class=\"elementor-widget-container\">\n\t\t\t\t\t\t\t\t\t\t\t\t\t\t\t<img decoding=\"async\" width=\"1\" height=\"1\" src=\"https:\/\/ra-hmr.de\/wp-content\/uploads\/2021\/07\/undraw_Agreement_re_d4dv.svg\" class=\"attachment-large size-large wp-image-558\" alt=\"\" \/>\t\t\t\t\t\t\t\t\t\t\t\t\t\t\t<\/div>\n\t\t\t\t<\/div>\n\t\t\t\t\t<\/div>\n\t\t<\/div>\n\t\t\t\t\t<\/div>\n\t\t<\/section>\n\t\t\t\t<section class=\"elementor-section elementor-top-section elementor-element elementor-element-91c2f56 elementor-section-boxed elementor-section-height-default elementor-section-height-default\" data-id=\"91c2f56\" data-element_type=\"section\">\n\t\t\t\t\t\t<div class=\"elementor-container elementor-column-gap-default\">\n\t\t\t\t\t<div class=\"elementor-column elementor-col-50 elementor-top-column elementor-element elementor-element-eeeddb1\" data-id=\"eeeddb1\" data-element_type=\"column\" data-settings=\"{&quot;background_background&quot;:&quot;classic&quot;}\">\n\t\t\t<div class=\"elementor-widget-wrap elementor-element-populated\">\n\t\t\t\t\t\t<div class=\"elementor-element elementor-element-ca6a134 elementor-widget elementor-widget-heading\" data-id=\"ca6a134\" data-element_type=\"widget\" data-widget_type=\"heading.default\">\n\t\t\t\t<div class=\"elementor-widget-container\">\n\t\t\t\t\t<h2 class=\"elementor-heading-title elementor-size-default\">Kerstin Hain<\/h2>\t\t\t\t<\/div>\n\t\t\t\t<\/div>\n\t\t\t\t<div class=\"elementor-element elementor-element-11139ef elementor-widget elementor-widget-heading\" data-id=\"11139ef\" data-element_type=\"widget\" data-widget_type=\"heading.default\">\n\t\t\t\t<div class=\"elementor-widget-container\">\n\t\t\t\t\t<h1 class=\"elementor-heading-title elementor-size-default\">Schwerpunkt: Arbeitsrecht sowie Handels- und Gesellschaftsrecht<\/h1>\t\t\t\t<\/div>\n\t\t\t\t<\/div>\n\t\t\t\t<div class=\"elementor-element elementor-element-a3bc55f elementor-widget elementor-widget-text-editor\" data-id=\"a3bc55f\" data-element_type=\"widget\" data-widget_type=\"text-editor.default\">\n\t\t\t\t<div class=\"elementor-widget-container\">\n\t\t\t\t\t\t\t\t\t<p>Kerstin Hain ist eine renommierte Fachanw\u00e4ltin f\u00fcr Arbeitsrecht. Mit ihrer jahrelangen Erfahrung und ihrer umfassenden Expertise unterst\u00fctzt sie Betriebsr\u00e4te und Arbeitnehmer in allen Belangen des Arbeitsrechts \u2013 \u00fcber die Gestaltung von Betriebsvereinbarungen und der Vertragsgestaltung bis hin zur K\u00fcndigung. Dar\u00fcber hinaus ber\u00e4t sie Unternehmen und Betriebsr\u00e4te bei Fragen zur Gr\u00fcndung, Umstrukturierung, Fusion und Liquidation sowie zu Gesch\u00e4ftsbeziehungen und Gesellschafterstreitigkeiten. Kerstin Hain ist f\u00fcr ihre pragmatische und l\u00f6sungsorientierte Arbeitsweise bekannt und setzt sich stets f\u00fcr die Interessen ihrer Mandanten ein. Sie ist zudem eine sehr erfahrene Referentin und unterrichtet regelm\u00e4\u00dfig in allen arbeitsrechtlichen Themenbereichen.<\/p>\t\t\t\t\t\t\t\t<\/div>\n\t\t\t\t<\/div>\n\t\t\t\t\t<\/div>\n\t\t<\/div>\n\t\t\t\t<div class=\"elementor-column elementor-col-50 elementor-top-column elementor-element elementor-element-b5d7cf4\" data-id=\"b5d7cf4\" data-element_type=\"column\">\n\t\t\t<div class=\"elementor-widget-wrap elementor-element-populated\">\n\t\t\t\t\t\t<div class=\"elementor-element elementor-element-41146f6 elementor-widget elementor-widget-image\" data-id=\"41146f6\" data-element_type=\"widget\" data-widget_type=\"image.default\">\n\t\t\t\t<div class=\"elementor-widget-container\">\n\t\t\t\t\t\t\t\t\t\t\t\t\t\t\t<img fetchpriority=\"high\" decoding=\"async\" width=\"800\" height=\"534\" src=\"https:\/\/ra-hmr.de\/wp-content\/uploads\/2023\/08\/2910_KH_1-1024x683.jpg\" class=\"attachment-large size-large wp-image-761\" alt=\"\" srcset=\"https:\/\/ra-hmr.de\/wp-content\/uploads\/2023\/08\/2910_KH_1-1024x683.jpg 1024w, https:\/\/ra-hmr.de\/wp-content\/uploads\/2023\/08\/2910_KH_1-300x200.jpg 300w, https:\/\/ra-hmr.de\/wp-content\/uploads\/2023\/08\/2910_KH_1-768x512.jpg 768w, https:\/\/ra-hmr.de\/wp-content\/uploads\/2023\/08\/2910_KH_1-1536x1024.jpg 1536w, https:\/\/ra-hmr.de\/wp-content\/uploads\/2023\/08\/2910_KH_1.jpg 2048w\" sizes=\"(max-width: 800px) 100vw, 800px\" \/>\t\t\t\t\t\t\t\t\t\t\t\t\t\t\t<\/div>\n\t\t\t\t<\/div>\n\t\t\t\t\t<\/div>\n\t\t<\/div>\n\t\t\t\t\t<\/div>\n\t\t<\/section>\n\t\t\t\t<section class=\"elementor-section elementor-top-section elementor-element elementor-element-4a6c35e elementor-reverse-tablet elementor-reverse-mobile elementor-section-boxed elementor-section-height-default elementor-section-height-default\" data-id=\"4a6c35e\" data-element_type=\"section\">\n\t\t\t\t\t\t<div class=\"elementor-container elementor-column-gap-default\">\n\t\t\t\t\t<div class=\"elementor-column elementor-col-50 elementor-top-column elementor-element elementor-element-25c9e03\" data-id=\"25c9e03\" data-element_type=\"column\">\n\t\t\t<div class=\"elementor-widget-wrap elementor-element-populated\">\n\t\t\t\t\t\t<div class=\"elementor-element elementor-element-f8251d1 elementor-widget elementor-widget-image\" data-id=\"f8251d1\" data-element_type=\"widget\" data-widget_type=\"image.default\">\n\t\t\t\t<div class=\"elementor-widget-container\">\n\t\t\t\t\t\t\t\t\t\t\t\t\t\t\t<img decoding=\"async\" width=\"800\" height=\"534\" src=\"https:\/\/ra-hmr.de\/wp-content\/uploads\/2023\/08\/2858_CH_1-1024x683.jpg\" class=\"attachment-large size-large wp-image-762\" alt=\"\" srcset=\"https:\/\/ra-hmr.de\/wp-content\/uploads\/2023\/08\/2858_CH_1-1024x683.jpg 1024w, https:\/\/ra-hmr.de\/wp-content\/uploads\/2023\/08\/2858_CH_1-300x200.jpg 300w, https:\/\/ra-hmr.de\/wp-content\/uploads\/2023\/08\/2858_CH_1-768x512.jpg 768w, https:\/\/ra-hmr.de\/wp-content\/uploads\/2023\/08\/2858_CH_1-1536x1024.jpg 1536w, https:\/\/ra-hmr.de\/wp-content\/uploads\/2023\/08\/2858_CH_1.jpg 2048w\" sizes=\"(max-width: 800px) 100vw, 800px\" \/>\t\t\t\t\t\t\t\t\t\t\t\t\t\t\t<\/div>\n\t\t\t\t<\/div>\n\t\t\t\t\t<\/div>\n\t\t<\/div>\n\t\t\t\t<div class=\"elementor-column elementor-col-50 elementor-top-column elementor-element elementor-element-663c809\" data-id=\"663c809\" data-element_type=\"column\" data-settings=\"{&quot;background_background&quot;:&quot;classic&quot;}\">\n\t\t\t<div class=\"elementor-widget-wrap elementor-element-populated\">\n\t\t\t\t\t\t<div class=\"elementor-element elementor-element-2928700 elementor-widget elementor-widget-heading\" data-id=\"2928700\" data-element_type=\"widget\" data-widget_type=\"heading.default\">\n\t\t\t\t<div class=\"elementor-widget-container\">\n\t\t\t\t\t<h2 class=\"elementor-heading-title elementor-size-default\">Claudia Hain<\/h2>\t\t\t\t<\/div>\n\t\t\t\t<\/div>\n\t\t\t\t<div class=\"elementor-element elementor-element-6a191a4 elementor-widget elementor-widget-heading\" data-id=\"6a191a4\" data-element_type=\"widget\" data-widget_type=\"heading.default\">\n\t\t\t\t<div class=\"elementor-widget-container\">\n\t\t\t\t\t<h1 class=\"elementor-heading-title elementor-size-default\">Schwerpunkt: Familienrecht<\/h1>\t\t\t\t<\/div>\n\t\t\t\t<\/div>\n\t\t\t\t<div class=\"elementor-element elementor-element-5562862 elementor-widget elementor-widget-text-editor\" data-id=\"5562862\" data-element_type=\"widget\" data-widget_type=\"text-editor.default\">\n\t\t\t\t<div class=\"elementor-widget-container\">\n\t\t\t\t\t\t\t\t\t<p>Claudia Hain ist eine erfahrene Anw\u00e4ltin f\u00fcr Familienrecht und eine Expertin in ihrem Fachgebiet. Sie hat sich auf alle Aspekte des Familienrechts spezialisiert und unterst\u00fctzt ihre Mandanten bei Ehescheidungen, Sorgerechts- und Unterhaltsstreitigkeiten sowie bei Fragen zur Adoption und Vaterschaftsanerkennung. Mit ihrer einf\u00fchlsamen und l\u00f6sungsorientierten Arbeitsweise sorgt sie f\u00fcr eine faire und gerechte L\u00f6sung f\u00fcr alle Beteiligten. Claudia Hain ist bekannt f\u00fcr ihre hohe fachliche Kompetenz und ihr Engagement f\u00fcr ihre Mandanten. Zudem ber\u00e4t und vertritt Claudia Hain aufgrund ihrer arbeitsrechtlichen Expertise Betriebsr\u00e4te und Arbeitnehmerdachverb\u00e4nde in allen rechtlichen Fragestellungen.<\/p>\t\t\t\t\t\t\t\t<\/div>\n\t\t\t\t<\/div>\n\t\t\t\t\t<\/div>\n\t\t<\/div>\n\t\t\t\t\t<\/div>\n\t\t<\/section>\n\t\t\t\t<section class=\"elementor-section elementor-top-section elementor-element elementor-element-06c993c elementor-section-boxed elementor-section-height-default elementor-section-height-default\" data-id=\"06c993c\" data-element_type=\"section\">\n\t\t\t\t\t\t<div class=\"elementor-container elementor-column-gap-default\">\n\t\t\t\t\t<div class=\"elementor-column elementor-col-50 elementor-top-column elementor-element elementor-element-beb089b\" data-id=\"beb089b\" data-element_type=\"column\" data-settings=\"{&quot;background_background&quot;:&quot;classic&quot;}\">\n\t\t\t<div class=\"elementor-widget-wrap elementor-element-populated\">\n\t\t\t\t\t\t<div class=\"elementor-element elementor-element-e73152b elementor-widget elementor-widget-heading\" data-id=\"e73152b\" data-element_type=\"widget\" data-widget_type=\"heading.default\">\n\t\t\t\t<div class=\"elementor-widget-container\">\n\t\t\t\t\t<h2 class=\"elementor-heading-title elementor-size-default\">Elske M\u00fcller-Rawlins<\/h2>\t\t\t\t<\/div>\n\t\t\t\t<\/div>\n\t\t\t\t<div class=\"elementor-element elementor-element-61f3127 elementor-widget elementor-widget-heading\" data-id=\"61f3127\" data-element_type=\"widget\" data-widget_type=\"heading.default\">\n\t\t\t\t<div class=\"elementor-widget-container\">\n\t\t\t\t\t<h1 class=\"elementor-heading-title elementor-size-default\">Schwerpunkt: Medizin- und Arbeitsrecht<\/h1>\t\t\t\t<\/div>\n\t\t\t\t<\/div>\n\t\t\t\t<div class=\"elementor-element elementor-element-35f27d6 elementor-widget elementor-widget-text-editor\" data-id=\"35f27d6\" data-element_type=\"widget\" data-widget_type=\"text-editor.default\">\n\t\t\t\t<div class=\"elementor-widget-container\">\n\t\t\t\t\t\t\t\t\t<p style=\"font-weight: 400;\">Elske M\u00fcller-Rawlins ist die Anw\u00e4ltin f\u00fcr Medizin- und Arbeitsrecht. Sie hat sich auf die Beratung und Vertretung von \u00c4rzten, medizinischen Einrichtungen und Patienten in allen Fragen des Medizinrechts spezialisiert. Dabei setzt sie sich mit gro\u00dfem Engagement und Empathie f\u00fcr die Interessen ihrer Mandanten ein und sorgt f\u00fcr eine faire L\u00f6sung. Dar\u00fcber hinaus verf\u00fcgt auch sie \u00fcber umfangreiche Erfahrung im Arbeitsrecht und unterst\u00fctzt Arbeitgeber und Arbeitnehmer bei Themen wie K\u00fcndigung, Abmahnung und Arbeitsvertragsgestaltung.<\/p>\t\t\t\t\t\t\t\t<\/div>\n\t\t\t\t<\/div>\n\t\t\t\t\t<\/div>\n\t\t<\/div>\n\t\t\t\t<div class=\"elementor-column elementor-col-50 elementor-top-column elementor-element elementor-element-c988d73\" data-id=\"c988d73\" data-element_type=\"column\">\n\t\t\t<div class=\"elementor-widget-wrap elementor-element-populated\">\n\t\t\t\t\t\t<div class=\"elementor-element elementor-element-911eb6d elementor-widget elementor-widget-image\" data-id=\"911eb6d\" data-element_type=\"widget\" data-widget_type=\"image.default\">\n\t\t\t\t<div class=\"elementor-widget-container\">\n\t\t\t\t\t\t\t\t\t\t\t\t\t\t\t<img loading=\"lazy\" decoding=\"async\" width=\"800\" height=\"534\" src=\"https:\/\/ra-hmr.de\/wp-content\/uploads\/2023\/08\/3138_EMR_1-1024x683.jpg\" class=\"attachment-large size-large wp-image-772\" alt=\"\" srcset=\"https:\/\/ra-hmr.de\/wp-content\/uploads\/2023\/08\/3138_EMR_1-1024x683.jpg 1024w, https:\/\/ra-hmr.de\/wp-content\/uploads\/2023\/08\/3138_EMR_1-300x200.jpg 300w, https:\/\/ra-hmr.de\/wp-content\/uploads\/2023\/08\/3138_EMR_1-768x512.jpg 768w, https:\/\/ra-hmr.de\/wp-content\/uploads\/2023\/08\/3138_EMR_1-1536x1024.jpg 1536w, https:\/\/ra-hmr.de\/wp-content\/uploads\/2023\/08\/3138_EMR_1.jpg 2048w\" sizes=\"(max-width: 800px) 100vw, 800px\" \/>\t\t\t\t\t\t\t\t\t\t\t\t\t\t\t<\/div>\n\t\t\t\t<\/div>\n\t\t\t\t\t<\/div>\n\t\t<\/div>\n\t\t\t\t\t<\/div>\n\t\t<\/section>\n\t\t\t\t<section class=\"elementor-section elementor-top-section elementor-element elementor-element-8933cab elementor-reverse-mobile elementor-reverse-tablet elementor-section-boxed elementor-section-height-default elementor-section-height-default\" data-id=\"8933cab\" data-element_type=\"section\">\n\t\t\t\t\t\t<div class=\"elementor-container elementor-column-gap-default\">\n\t\t\t\t\t<div class=\"elementor-column elementor-col-50 elementor-top-column elementor-element elementor-element-6c654c7\" data-id=\"6c654c7\" data-element_type=\"column\">\n\t\t\t<div class=\"elementor-widget-wrap elementor-element-populated\">\n\t\t\t\t\t\t<div class=\"elementor-element elementor-element-f5084df elementor-widget elementor-widget-image\" data-id=\"f5084df\" data-element_type=\"widget\" data-widget_type=\"image.default\">\n\t\t\t\t<div class=\"elementor-widget-container\">\n\t\t\t\t\t\t\t\t\t\t\t\t\t\t\t<img loading=\"lazy\" decoding=\"async\" width=\"800\" height=\"534\" src=\"https:\/\/ra-hmr.de\/wp-content\/uploads\/2023\/08\/3211_NMS_1-1024x683.jpg\" class=\"attachment-large size-large wp-image-766\" alt=\"\" srcset=\"https:\/\/ra-hmr.de\/wp-content\/uploads\/2023\/08\/3211_NMS_1-1024x683.jpg 1024w, https:\/\/ra-hmr.de\/wp-content\/uploads\/2023\/08\/3211_NMS_1-300x200.jpg 300w, https:\/\/ra-hmr.de\/wp-content\/uploads\/2023\/08\/3211_NMS_1-768x512.jpg 768w, https:\/\/ra-hmr.de\/wp-content\/uploads\/2023\/08\/3211_NMS_1-1536x1024.jpg 1536w, https:\/\/ra-hmr.de\/wp-content\/uploads\/2023\/08\/3211_NMS_1.jpg 2048w\" sizes=\"(max-width: 800px) 100vw, 800px\" \/>\t\t\t\t\t\t\t\t\t\t\t\t\t\t\t<\/div>\n\t\t\t\t<\/div>\n\t\t\t\t\t<\/div>\n\t\t<\/div>\n\t\t\t\t<div class=\"elementor-column elementor-col-50 elementor-top-column elementor-element elementor-element-c9b8131\" data-id=\"c9b8131\" data-element_type=\"column\" data-settings=\"{&quot;background_background&quot;:&quot;classic&quot;}\">\n\t\t\t<div class=\"elementor-widget-wrap elementor-element-populated\">\n\t\t\t\t\t\t<div class=\"elementor-element elementor-element-5a12acc elementor-widget elementor-widget-heading\" data-id=\"5a12acc\" data-element_type=\"widget\" data-widget_type=\"heading.default\">\n\t\t\t\t<div class=\"elementor-widget-container\">\n\t\t\t\t\t<h2 class=\"elementor-heading-title elementor-size-default\">Anwaltskanzlei in Neum\u00fcnster<\/h2>\t\t\t\t<\/div>\n\t\t\t\t<\/div>\n\t\t\t\t<div class=\"elementor-element elementor-element-c7f8e6a elementor-widget elementor-widget-heading\" data-id=\"c7f8e6a\" data-element_type=\"widget\" data-widget_type=\"heading.default\">\n\t\t\t\t<div class=\"elementor-widget-container\">\n\t\t\t\t\t<h1 class=\"elementor-heading-title elementor-size-default\">Holsatenring 71, 24539 Neum\u00fcnster<\/h1>\t\t\t\t<\/div>\n\t\t\t\t<\/div>\n\t\t\t\t<div class=\"elementor-element elementor-element-3900074 elementor-widget elementor-widget-text-editor\" data-id=\"3900074\" data-element_type=\"widget\" data-widget_type=\"text-editor.default\">\n\t\t\t\t<div class=\"elementor-widget-container\">\n\t\t\t\t\t\t\t\t\t<p><a href=\"https:\/\/goo.gl\/maps\/JR3tvWcgLpw7A6ob9\">Navigation via Google Maps<\/a><br \/>Tel.: <a href=\"tel:04321979358\">04321 &#8211; 979 358<\/a><br \/>Mail: <a href=\"mailto:info@ra-hmr.de\">info@ra-hmr.de<\/a><\/p>\t\t\t\t\t\t\t\t<\/div>\n\t\t\t\t<\/div>\n\t\t\t\t\t<\/div>\n\t\t<\/div>\n\t\t\t\t\t<\/div>\n\t\t<\/section>\n\t\t\t\t<section class=\"elementor-section elementor-top-section elementor-element elementor-element-220bb52 elementor-reverse-mobile elementor-reverse-tablet elementor-section-boxed elementor-section-height-default elementor-section-height-default\" data-id=\"220bb52\" data-element_type=\"section\">\n\t\t\t\t\t\t<div class=\"elementor-container elementor-column-gap-default\">\n\t\t\t\t\t<div class=\"elementor-column elementor-col-50 elementor-top-column elementor-element elementor-element-bed9964\" data-id=\"bed9964\" data-element_type=\"column\" data-settings=\"{&quot;background_background&quot;:&quot;classic&quot;}\">\n\t\t\t<div class=\"elementor-widget-wrap elementor-element-populated\">\n\t\t\t\t\t\t<div class=\"elementor-element elementor-element-e40d251 elementor-widget elementor-widget-heading\" data-id=\"e40d251\" data-element_type=\"widget\" data-widget_type=\"heading.default\">\n\t\t\t\t<div class=\"elementor-widget-container\">\n\t\t\t\t\t<h2 class=\"elementor-heading-title elementor-size-default\">Anwaltskanzlei in Hamburg<\/h2>\t\t\t\t<\/div>\n\t\t\t\t<\/div>\n\t\t\t\t<div class=\"elementor-element elementor-element-1298f32 elementor-widget elementor-widget-heading\" data-id=\"1298f32\" data-element_type=\"widget\" data-widget_type=\"heading.default\">\n\t\t\t\t<div class=\"elementor-widget-container\">\n\t\t\t\t\t<h1 class=\"elementor-heading-title elementor-size-default\">Spaldingstra\u00dfe 110 B,\n20097 Hamburg<\/h1>\t\t\t\t<\/div>\n\t\t\t\t<\/div>\n\t\t\t\t<div class=\"elementor-element elementor-element-20acb2e elementor-widget elementor-widget-text-editor\" data-id=\"20acb2e\" data-element_type=\"widget\" data-widget_type=\"text-editor.default\">\n\t\t\t\t<div class=\"elementor-widget-container\">\n\t\t\t\t\t\t\t\t\t<p><a href=\"https:\/\/goo.gl\/maps\/MTGc5KCNCnTQ3a616\">Navigation via Google Maps<\/a><br \/>Tel.: <a href=\"tel:04035710941\">040 &#8211; 357 10 941<\/a><br \/>Mail: <a href=\"mailto:info@ra-hmr.de\">info@ra-hmr.de<\/a><\/p>\t\t\t\t\t\t\t\t<\/div>\n\t\t\t\t<\/div>\n\t\t\t\t\t<\/div>\n\t\t<\/div>\n\t\t\t\t<div class=\"elementor-column elementor-col-50 elementor-top-column elementor-element elementor-element-28b43ae\" data-id=\"28b43ae\" data-element_type=\"column\">\n\t\t\t<div class=\"elementor-widget-wrap elementor-element-populated\">\n\t\t\t\t\t\t<div class=\"elementor-element elementor-element-a347156 elementor-widget elementor-widget-image\" data-id=\"a347156\" data-element_type=\"widget\" data-widget_type=\"image.default\">\n\t\t\t\t<div class=\"elementor-widget-container\">\n\t\t\t\t\t\t\t\t\t\t\t\t\t\t\t<img loading=\"lazy\" decoding=\"async\" width=\"800\" height=\"534\" src=\"https:\/\/ra-hmr.de\/wp-content\/uploads\/2023\/08\/2301_HH_1-1024x683.jpg\" class=\"attachment-large size-large wp-image-768\" alt=\"\" srcset=\"https:\/\/ra-hmr.de\/wp-content\/uploads\/2023\/08\/2301_HH_1-1024x683.jpg 1024w, https:\/\/ra-hmr.de\/wp-content\/uploads\/2023\/08\/2301_HH_1-300x200.jpg 300w, https:\/\/ra-hmr.de\/wp-content\/uploads\/2023\/08\/2301_HH_1-768x512.jpg 768w, https:\/\/ra-hmr.de\/wp-content\/uploads\/2023\/08\/2301_HH_1-1536x1024.jpg 1536w, https:\/\/ra-hmr.de\/wp-content\/uploads\/2023\/08\/2301_HH_1.jpg 2048w\" sizes=\"(max-width: 800px) 100vw, 800px\" \/>\t\t\t\t\t\t\t\t\t\t\t\t\t\t\t<\/div>\n\t\t\t\t<\/div>\n\t\t\t\t\t<\/div>\n\t\t<\/div>\n\t\t\t\t\t<\/div>\n\t\t<\/section>\n\t\t\t\t<\/div>\n\t\t","protected":false},"excerpt":{"rendered":"<p>Drei Anw\u00e4ltinnen f\u00fcr Ihr Anliegen Unsere Anwaltskanzlei mit Sitz in Neum\u00fcnster und Hamburg wird von drei erfahrenen Anw\u00e4ltinnen geleitet, die eine breite Palette von Rechtsgebieten abdecken. Wir sind auf die individuellen Bed\u00fcrfnisse unserer Mandanten spezialisiert und bieten eine kompetente und pers\u00f6nliche Beratung und Vertretung in allen rechtlichen Angelegenheiten. Unser Ziel ist es, Ihnen eine effektive [&hellip;]<\/p>\n","protected":false},"author":1,"featured_media":0,"parent":0,"menu_order":0,"comment_status":"closed","ping_status":"closed","template":"","meta":{"footnotes":""},"class_list":["post-231","page","type-page","status-publish","hentry"],"_links":{"self":[{"href":"https:\/\/ra-hmr.de\/index.php?rest_route=\/wp\/v2\/pages\/231","targetHints":{"allow":["GET"]}}],"collection":[{"href":"https:\/\/ra-hmr.de\/index.php?rest_route=\/wp\/v2\/pages"}],"about":[{"href":"https:\/\/ra-hmr.de\/index.php?rest_route=\/wp\/v2\/types\/page"}],"author":[{"embeddable":true,"href":"https:\/\/ra-hmr.de\/index.php?rest_route=\/wp\/v2\/users\/1"}],"replies":[{"embeddable":true,"href":"https:\/\/ra-hmr.de\/index.php?rest_route=%2Fwp%2Fv2%2Fcomments&post=231"}],"version-history":[{"count":10,"href":"https:\/\/ra-hmr.de\/index.php?rest_route=\/wp\/v2\/pages\/231\/revisions"}],"predecessor-version":[{"id":1071,"href":"https:\/\/ra-hmr.de\/index.php?rest_route=\/wp\/v2\/pages\/231\/revisions\/1071"}],"wp:attachment":[{"href":"https:\/\/ra-hmr.de\/index.php?rest_route=%2Fwp%2Fv2%2Fmedia&parent=231"}],"curies":[{"name":"wp","href":"https:\/\/api.w.org\/{rel}","templated":true}]}}